{"id":3573,"date":"2026-04-10T16:07:17","date_gmt":"2026-04-10T16:07:17","guid":{"rendered":"https:\/\/rollrasen-verband.de\/?page_id=3573"},"modified":"2026-04-10T16:18:01","modified_gmt":"2026-04-10T16:18:01","slug":"drv-rasenwissen","status":"publish","type":"page","link":"https:\/\/rollrasen-verband.de\/index.php\/drv-rasenwissen\/","title":{"rendered":"DRV-Rasenwissen"},"content":{"rendered":"<div class=\"wpb-content-wrapper\"><p>[vc_row][vc_column][vc_empty_space][vc_single_image image=&#8220;3409&#8243; img_size=&#8220;full&#8220; alignment=&#8220;center&#8220; css=&#8220;&#8220;][vc_empty_space][\/vc_column][\/vc_row][vc_row][vc_column][vc_column_text css=&#8220;&#8220;]In unserer Fachreihe <strong class=\"Yjhzub\" data-sfc-root=\"c\" data-sfc-cb=\"\" data-complete=\"true\" data-processed=\"true\" data-copy-service-computed-style=\"font-family: Google Sans, Arial, sans-serif; font-size: 16px; font-weight: 700; margin: 0px; text-decoration: none; border-bottom: 0px rgb(10, 10, 10);\">Rasenwissen<!--TgQPHd|[]--><\/strong> vertiefen wir die entscheidenden Parameter f\u00fcr die Arbeit mit <strong class=\"Yjhzub\" data-sfc-root=\"c\" data-sfc-cb=\"\" data-complete=\"true\" data-processed=\"true\" data-copy-service-computed-style=\"font-family: Google Sans, Arial, sans-serif; font-size: 16px; font-weight: 700; margin: 0px; text-decoration: none; border-bottom: 0px rgb(10, 10, 10);\">Rollrasen<!--TgQPHd|[]--><\/strong>. Wir analysieren kritische Erfolgsfaktoren \u2013 von der pr\u00e4zisen Herstellung des Feinplanums und der Optimierung der Bodenstruktur bis hin zur fachgerechten Fertigstellungspflege und dem professionellen Krankheitsmanagement. Profitieren Sie von Experten-Know-how f\u00fcr belastbare Gr\u00fcnsysteme, die Ihre Kunden nachhaltig \u00fcberzeugen.<\/p>\n<div>\n<div>\n<p>&nbsp;<\/p>\n<\/div>\n<\/div>\n<p>[\/vc_column_text][vc_empty_space][\/vc_column][\/vc_row][vc_row][vc_column width=&#8220;1\/2&#8243;][vc_text_separator title=&#8220;Rasenwissen 2025&#8243; color=&#8220;green&#8220; css=&#8220;&#8220;][vc_empty_space height=&#8220;12px&#8220;][vc_column_text css=&#8220;&#8220;]<\/p>\n<ul>\n<li><a href=\"https:\/\/rollrasen-verband.de\/wp-content\/uploads\/2026\/04\/DRV-Rasenwissen-2025-01-Wiesenrispe.pdf\">DRV-Rasenwissen 2025-01 Wiesenrispe<\/a><\/li>\n<li><a href=\"https:\/\/rollrasen-verband.de\/wp-content\/uploads\/2026\/04\/DRV-Rasenwissen-2025-02-Deutsches-Weidelgras.pdf\">DRV-Rasenwissen 2025-02 Deutsches Weidelgras<\/a><\/li>\n<li><a href=\"https:\/\/rollrasen-verband.de\/wp-content\/uploads\/2026\/04\/DRV-Rasenwissen-2025-03-Laegerrispe.pdf\">DRV-Rasenwissen 2025-03 L\u00e4gerrispe<\/a><\/li>\n<li><a href=\"https:\/\/rollrasen-verband.de\/wp-content\/uploads\/2026\/04\/DRV-Rasenwissen-2025-04-Rohrschwingel.pdf\">DRV-Rasenwissen 2025-04 Rohrschwingel<\/a><\/li>\n<\/ul>\n<p>[\/vc_column_text][\/vc_column][vc_column width=&#8220;1\/2&#8243;][vc_text_separator title=&#8220;Rasenwissen 2024&#8243; color=&#8220;green&#8220; css=&#8220;&#8220;][vc_empty_space height=&#8220;12px&#8220;][vc_column_text css=&#8220;&#8220;]<\/p>\n<ul>\n<li><a href=\"https:\/\/rollrasen-verband.de\/wp-content\/uploads\/2026\/04\/DRV-Rasenwissen-Nr.-1-2024.pdf\">DRV-Rasenwissen Nr. 1 &#8211; 2024<\/a><\/li>\n<li><a href=\"https:\/\/rollrasen-verband.de\/wp-content\/uploads\/2026\/04\/DRV-Rasenwissen-Nr.-2-2024.pdf\">DRV-Rasenwissen Nr. 2 &#8211; 2024<\/a><\/li>\n<\/ul>\n<p>[\/vc_column_text][vc_empty_space][vc_text_separator title=&#8220;Rasenwissen 2023&#8243; color=&#8220;green&#8220; css=&#8220;&#8220;][vc_empty_space height=&#8220;12px&#8220;][vc_column_text css=&#8220;&#8220;]<\/p>\n<ul>\n<li><a href=\"https:\/\/rollrasen-verband.de\/wp-content\/uploads\/2026\/04\/DRV-RASENWISSEN-2023-1-Bestockung.pdf\">DRV-RASENWISSEN 2023-1 Bestockung<\/a><\/li>\n<li><a href=\"https:\/\/rollrasen-verband.de\/wp-content\/uploads\/2026\/04\/DRV-RASENWISSEN-2023-2-Sauerstoff-Produktion.pdf\">DRV-RASENWISSEN 2023-2 Sauerstoff-Produktion<\/a><\/li>\n<li><a href=\"https:\/\/rollrasen-verband.de\/wp-content\/uploads\/2026\/04\/DRV-RASENWISSEN-2023-3_Staubbindung.pdf\">DRV-RASENWISSEN 2023-3_Staubbindung<\/a><\/li>\n<\/ul>\n<p>[\/vc_column_text][vc_empty_space][vc_text_separator title=&#8220;Rasenwissen 2022&#8243; color=&#8220;green&#8220; css=&#8220;&#8220;][vc_empty_space height=&#8220;12px&#8220;][vc_column_text css=&#8220;&#8220;]<\/p>\n<ul>\n<li><a href=\"https:\/\/rollrasen-verband.de\/wp-content\/uploads\/2026\/04\/DRV-RASENWISSEN-2022-1-Oekosystemleistung-Rasen.pdf\">DRV-RASENWISSEN 2022-1 \u00d6kosystemleistung Rasen<\/a><\/li>\n<li><a href=\"https:\/\/rollrasen-verband.de\/wp-content\/uploads\/2026\/04\/DRV-RASENWISSEN-2022-2-Maehwirkung.pdf\">DRV-RASENWISSEN 2022-2 M\u00e4hwirkung<\/a><\/li>\n<li><a href=\"https:\/\/rollrasen-verband.de\/wp-content\/uploads\/2026\/04\/DRV-RASENWISSEN-2022-3-GraeservitalitaetTrockenheit.pdf\">DRV-RASENWISSEN 2022-3 Gr\u00e4servitalit\u00e4t&amp;Trockenheit<\/a><\/li>\n<li><a href=\"https:\/\/rollrasen-verband.de\/wp-content\/uploads\/2026\/04\/DRV-RASENWISSEN-2022-4-Wurzeln-der-Graeser.pdf\">DRV-RASENWISSEN 2022-4 Wurzeln der Gr\u00e4ser<\/a><\/li>\n<\/ul>\n<p>[\/vc_column_text][vc_empty_space][vc_text_separator title=&#8220;Rasenwissen 2021&#8243; color=&#8220;green&#8220; css=&#8220;&#8220;][vc_empty_space height=&#8220;12px&#8220;][vc_column_text css=&#8220;&#8220;]<\/p>\n<ul>\n<li><a href=\"https:\/\/rollrasen-verband.de\/wp-content\/uploads\/2026\/04\/DRV-RASENWISSEN-2021-1-CO2-Footprint.pdf\">DRV-RASENWISSEN 2021-1 CO2-Footprint<\/a><\/li>\n<li><a href=\"https:\/\/rollrasen-verband.de\/wp-content\/uploads\/2026\/04\/DRV-RASENWISSEN-2021-2-TrockenstellenWetting-Agent.pdf\">DRV-RASENWISSEN 2021-2 Trockenstellen+Wetting Agent<\/a><\/li>\n<li><a href=\"https:\/\/rollrasen-verband.de\/wp-content\/uploads\/2026\/04\/DRV-RASENWISSEN-2021-34-SodenproduktionBodenabtrag.pdf\">DRV-RASENWISSEN 2021-3+4 Sodenproduktion+Bodenabtrag<\/a><\/li>\n<\/ul>\n<p>[\/vc_column_text][\/vc_column][\/vc_row]<\/p>\n<\/div>","protected":false},"excerpt":{"rendered":"<p>[vc_row][vc_column][vc_empty_space][vc_single_image image=&#8220;3409&#8243; img_size=&#8220;full&#8220; alignment=&#8220;center&#8220; css=&#8220;&#8220;][vc_empty_space][\/vc_column][\/vc_row][vc_row][vc_column][vc_column_text css=&#8220;&#8220;]In unserer Fachreihe Rasenwissen vertiefen wir die entscheidenden&hellip;<\/p>\n","protected":false},"author":1,"featured_media":0,"parent":0,"menu_order":0,"comment_status":"closed","ping_status":"closed","template":"","meta":{"footnotes":""},"class_list":["post-3573","page","type-page","status-publish","hentry","no-thumb"],"_links":{"self":[{"href":"https:\/\/rollrasen-verband.de\/index.php\/wp-json\/wp\/v2\/pages\/3573","targetHints":{"allow":["GET"]}}],"collection":[{"href":"https:\/\/rollrasen-verband.de\/index.php\/wp-json\/wp\/v2\/pages"}],"about":[{"href":"https:\/\/rollrasen-verband.de\/index.php\/wp-json\/wp\/v2\/types\/page"}],"author":[{"embeddable":true,"href":"https:\/\/rollrasen-verband.de\/index.php\/wp-json\/wp\/v2\/users\/1"}],"replies":[{"embeddable":true,"href":"https:\/\/rollrasen-verband.de\/index.php\/wp-json\/wp\/v2\/comments?post=3573"}],"version-history":[{"count":5,"href":"https:\/\/rollrasen-verband.de\/index.php\/wp-json\/wp\/v2\/pages\/3573\/revisions"}],"predecessor-version":[{"id":3595,"href":"https:\/\/rollrasen-verband.de\/index.php\/wp-json\/wp\/v2\/pages\/3573\/revisions\/3595"}],"wp:attachment":[{"href":"https:\/\/rollrasen-verband.de\/index.php\/wp-json\/wp\/v2\/media?parent=3573"}],"curies":[{"name":"wp","href":"https:\/\/api.w.org\/{rel}","templated":true}]}}