{"id":2570,"date":"2014-04-09T20:33:48","date_gmt":"2014-04-09T18:33:48","guid":{"rendered":"http:\/\/www.wp12063986.server-he.de\/?page_id=2570"},"modified":"2026-04-10T14:20:55","modified_gmt":"2026-04-10T14:20:55","slug":"rasenprobleme","status":"publish","type":"page","link":"https:\/\/rollrasen-verband.de\/index.php\/rasenprobleme\/","title":{"rendered":"Rasenprobleme"},"content":{"rendered":"<div class=\"wpb-content-wrapper\"><p>[vc_row][vc_column][vc_column_text css=&#8220;&#8220;]<\/p>\n<div>\n<div>\n<p>Verschiedene Krankheiten greifen die Gr\u00e4ser unseres sch\u00f6nen Rasens an. Die wichtigsten m\u00f6chten wir Ihnen an dieser Stelle vorstellen. Dazu finden Sie Hinweise und Tipps zu ihrer Bek\u00e4mpfung und Vermeidung.<\/p>\n<ul>\n<li><a href=\"https:\/\/rollrasen-verband.de\/wp-content\/uploads\/2026\/04\/DRV-Merkblatt-Dollarspot.pdf\">DRV Merkblatt Dollarspot<\/a><br \/>\n<b>Interessante Fakten zu einer typischen Sommerkrankheit!<\/b><\/li>\n<li><a href=\"https:\/\/rollrasen-verband.de\/wp-content\/uploads\/2026\/04\/DRV-Merkblatt-Hutpilze.pdf\">DRV Merkblatt Hutpilze<\/a><a href=\"http:\/\/www.rollrasen-verband.de\/sites\/default\/files\/DRV_Merkblatt_Hutpilze.pdf\" target=\"_blank\" rel=\"noopener\"><br \/>\n<\/a><b>Hutpilze, Boviste und Hexenringe im Rasen.<\/b><\/li>\n<li><a href=\"https:\/\/rollrasen-verband.de\/wp-content\/uploads\/2026\/04\/DRV-Merkblatt-Rost.pdf\">DRV Merkblatt Rost<\/a><a href=\"http:\/\/www.rollrasen-verband.de\/sites\/default\/files\/DRV_Merkblatt_Rost.pdf\" target=\"_blank\" rel=\"noopener\"><br \/>\n<\/a><b>Eine Rasenkrankheit vor dem Aus?<\/b><\/li>\n<li><a href=\"https:\/\/rollrasen-verband.de\/wp-content\/uploads\/2026\/04\/DRV-Merkblatt-Rotspitzigkeit.pdf\">DRV Merkblatt Rotspitzigkeit<\/a><a href=\"http:\/\/www.rollrasen-verband.de\/sites\/default\/files\/DRV_Merkblatt_Rotspitzigkeit.pdf\" target=\"_blank\" rel=\"noopener\"><br \/>\n<\/a><b>Eine Rasenkrankheit zeigt fehlendes Graswachstum.<\/b><\/li>\n<li><a href=\"https:\/\/rollrasen-verband.de\/wp-content\/uploads\/2026\/04\/DRV-Merkblatt-Schneeschimmel.pdf\">DRV Merkblatt Schneeschimmel<\/a><a href=\"http:\/\/www.rollrasen-verband.de\/sites\/default\/files\/DRV_Merkblatt_Schneeschimmel.pdf\" target=\"_blank\" rel=\"noopener\"><br \/>\n<\/a><b>Interessante Fakten zu einer weit verbreiteten Krankheit!<\/b><\/li>\n<li><a href=\"https:\/\/rollrasen-verband.de\/wp-content\/uploads\/2026\/04\/DRV-Merkblatt-Unkraeuter.pdf\">DRV Merkblatt Unkr\u00e4uter<\/a><br \/>\nUnerw\u00fcnschte Kr\u00e4uter im Rasen.<\/li>\n<li><a href=\"https:\/\/rollrasen-verband.de\/wp-content\/uploads\/2026\/04\/DRV-Merkblatt-Poa-annua.pdf\">DRV Merkblatt Poa annua<\/a><br \/>\nEines der am weitesten verbreiteten Ungr\u00e4ser in heimischen Rasenfl\u00e4chen.<\/li>\n<\/ul>\n<h3>Unerw\u00fcnschte Kr\u00e4uter im Rasen<\/h3>\n<p>Rasen, dass sind nach der Definition, dichte, geschlossene Ansammlungen von \u201egr\u00fcnen Pflanzen\u201c. Waren das in den Anf\u00e4ngen der Rasenkultur auch mal Kamille und Schafgarbe, haben sich heute Gr\u00e4ser als Bestandsbildner im Rasen durchgesetzt. Dennoch sehen viele Rasenfl\u00e4chen auch heute eher wie jene Ansammlungen gr\u00fcner Pflanzen aus. Welche Pflanzen sich in einer Rasennarbe einstellen k\u00f6nnen, warum und was dagegen unternommen werden kann, erl\u00e4utert Diplom Agrarbiologe Martin Bocksch, Verbandsreferent des DRV.<\/p>\n<p>&nbsp;<\/p>\n<h3>Gr\u00e4ser \u2013 Die Basis des Rasens<\/h3>\n<p>Von den rund 200 Gr\u00e4serarten in Mitteleuropa haben sich 8 \u2013 10 als Rasenpflanzen durchgesetzt. Sie besitzen einen so niedrigen Vegetationspunkt, dass er vom regelm\u00e4\u00dfigen, tiefen Schnitt nicht besch\u00e4digt wird. Aus ihm heraus bilden die Pflanzen immer neue Wurzeln, Bl\u00e4tter und Triebe und ersetzen so den st\u00e4ndigen Verlust von Blattmasse.<\/p>\n<p>Aufgrund der verschiedenen Funktionen die Rasenfl\u00e4chen heute haben, unterscheiden wir vier Rasentypen: Zierrasen, Gebrauchsrasen, Strapazierrasen und Landschaftsrasen. Sie alle sind aus Mischungen unterschiedlicher Anteile von Grasarten wie Deutschem Weidelgras (Lolium perenne), Wiesenrispe (Poa pratensis), Rotschwingel (Festuca rubra spp.), Strau\u00dfgras (Agrostis sp.), Schafschwingel (Festuca ovina) und wenigen anderen zusammengesetzt.<b><span style=\"font-family: Arial-BoldMT;\"><br \/>\n<\/span><\/b><\/p>\n<table border=\"1\" width=\"770\" cellspacing=\"0\" cellpadding=\"6\">\n<tbody>\n<tr valign=\"TOP\">\n<td width=\"143\">\n<p lang=\"de-DE\"><b><span style=\"font-family: Arial-BoldMT;\"><span style=\"color: #000000;\"><span style=\"font-size: medium;\">Rasentyp<\/span><\/span><\/span><\/b><\/p>\n<\/td>\n<td width=\"226\">\n<p lang=\"de-DE\"><b><span style=\"font-family: Arial-BoldMT;\"><span style=\"color: #000000;\"><span style=\"font-size: medium;\">Anwendung<\/span><\/span><\/span><\/b><\/p>\n<\/td>\n<td width=\"200\">\n<p lang=\"de-DE\"><b><span style=\"font-family: Arial-BoldMT;\"><span style=\"color: #000000;\"><span style=\"font-size: medium;\">Eigenschaften<\/span><\/span><\/span><\/b><\/p>\n<\/td>\n<td width=\"151\">\n<p lang=\"de-DE\"><b><span style=\"font-family: Arial-BoldMT;\"><span style=\"color: #000000;\"><span style=\"font-size: medium;\">Pflegeanspr\u00fcche<\/span><\/span><\/span><\/b><\/p>\n<\/td>\n<\/tr>\n<tr valign=\"TOP\">\n<td width=\"143\">\n<p lang=\"de-DE\"><b><span style=\"font-family: Arial-BoldMT;\"><span style=\"color: #000000;\"><span style=\"font-size: small;\">Zierrasen<\/span><\/span><\/span><\/b><\/p>\n<\/td>\n<td width=\"226\">\n<p lang=\"de-DE\"><b><span style=\"font-family: Arial-BoldMT;\"><span style=\"color: #000000;\"><span style=\"font-size: small;\">Repr\u00e4sentationsgr\u00fcn,<\/span><\/span><\/span><\/b><\/p>\n<p lang=\"de-DE\"><b><span style=\"font-family: Arial-BoldMT;\"><span style=\"color: #000000;\"><span style=\"font-size: small;\">Hausg\u00e4rten<\/span><\/span><\/span><\/b><\/p>\n<\/td>\n<td width=\"200\">\n<p lang=\"de-DE\"><b><span style=\"font-family: Arial-BoldMT;\"><span style=\"color: #000000;\"><span style=\"font-size: small;\">Dichte, teppichartige Narbe aus feinbl\u00e4ttrigen Gr\u00e4sern, Belastbarkeit gering<\/span><\/span><\/span><\/b><\/p>\n<\/td>\n<td width=\"151\">\n<p lang=\"de-DE\"><b><span style=\"font-family: Arial-BoldMT;\"><span style=\"color: #000000;\"><span style=\"font-size: small;\">Hoch bis sehr hoch<\/span><\/span><\/span><\/b><\/p>\n<\/td>\n<\/tr>\n<tr valign=\"TOP\">\n<td width=\"143\">\n<p lang=\"de-DE\"><b><span style=\"font-family: Arial-BoldMT;\"><span style=\"color: #000000;\"><span style=\"font-size: small;\">Gebrauchsrasen<\/span><\/span><\/span><\/b><\/p>\n<\/td>\n<td width=\"226\">\n<p lang=\"de-DE\"><b><span style=\"font-family: Arial-BoldMT;\"><span style=\"color: #000000;\"><span style=\"font-size: small;\">\u00d6ffentliches Gr\u00fcn, Wohnsiedlungen, Hausg\u00e4rten u.a.<\/span><\/span><\/span><\/b><\/p>\n<\/td>\n<td width=\"200\">\n<p lang=\"de-DE\"><b><span style=\"font-family: Arial-BoldMT;\"><span style=\"color: #000000;\"><span style=\"font-size: small;\">Belastbarkeit mittel, widerstandsf\u00e4hig gegen Trockenheit<\/span><\/span><\/span><\/b><\/p>\n<\/td>\n<td width=\"151\">\n<p lang=\"de-DE\"><b><span style=\"font-family: Arial-BoldMT;\"><span style=\"color: #000000;\"><span style=\"font-size: small;\">Mittel bis hoch<\/span><\/span><\/span><\/b><\/p>\n<\/td>\n<\/tr>\n<tr valign=\"TOP\">\n<td width=\"143\">\n<p lang=\"de-DE\"><b><span style=\"font-family: Arial-BoldMT;\"><span style=\"color: #000000;\"><span style=\"font-size: small;\">Strapazierrasen*<\/span><\/span><\/span><\/b><\/p>\n<\/td>\n<td width=\"226\">\n<p lang=\"de-DE\"><b><span style=\"font-family: Arial-BoldMT;\"><span style=\"color: #000000;\"><span style=\"font-size: small;\">Sportpl\u00e4tze, Spielpl\u00e4tze, Liegewiesen, Parkpl\u00e4tze<\/span><\/span><\/span><\/b><\/p>\n<\/td>\n<td width=\"200\">\n<p lang=\"de-DE\"><b><span style=\"font-family: Arial-BoldMT;\"><span style=\"color: #000000;\"><span style=\"font-size: small;\">Belastbarkeit hoch (ganzj\u00e4hrig)<\/span><\/span><\/span><\/b><\/p>\n<\/td>\n<td width=\"151\">\n<p lang=\"de-DE\"><b><span style=\"font-family: Arial-BoldMT;\"><span style=\"color: #000000;\"><span style=\"font-size: small;\">Unterschiedlich<\/span><\/span><\/span><\/b><\/p>\n<\/td>\n<\/tr>\n<tr valign=\"TOP\">\n<td width=\"143\">\n<p lang=\"de-DE\"><b><span style=\"font-family: Arial-BoldMT;\"><span style=\"color: #000000;\"><span style=\"font-size: small;\">Landschaftsrasen<\/span><\/span><\/span><\/b><\/p>\n<\/td>\n<td width=\"226\">\n<p lang=\"de-DE\"><b><span style=\"font-family: Arial-BoldMT;\"><span style=\"color: #000000;\"><span style=\"font-size: small;\">Freie Landschaft, Rand-zonen an Verkehrswegen, Rekultivierungsfl\u00e4chen<\/span><\/span><\/span><\/b><\/p>\n<\/td>\n<td width=\"200\">\n<p lang=\"de-DE\"><b><span style=\"font-family: Arial-BoldMT;\"><span style=\"color: #000000;\"><span style=\"font-size: small;\">Hoher Erosionsschutz, widerstandsf\u00e4hig gegen Trockenheit<\/span><\/span><\/span><\/b><\/p>\n<\/td>\n<td width=\"151\">\n<p lang=\"de-DE\"><b><span style=\"font-family: Arial-BoldMT;\"><span style=\"color: #000000;\"><span style=\"font-size: small;\">Gering<\/span><\/span><\/span><\/b><\/p>\n<\/td>\n<\/tr>\n<tr>\n<td colspan=\"4\" valign=\"TOP\" width=\"756\">\n<p lang=\"de-DE\"><b><span style=\"font-family: Arial-BoldMT;\"><span style=\"color: #000000; font-size: small;\">*) Als Strapazierrasen sind hier zusammengefasst die in DIN 18917 genannten Spiel- und Parkrasen, sowie die in DIN 18035 Blatt 4 ausgef\u00fchrten Rasen f\u00fcr Sportst\u00e4tten.<\/span><\/span><\/b><\/p>\n<\/td>\n<\/tr>\n<\/tbody>\n<colgroup>\n<col width=\"143\" \/>\n<col width=\"226\" \/>\n<col width=\"200\" \/>\n<col width=\"151\" \/><\/colgroup>\n<\/table>\n<h3><\/h3>\n<h3>Wie kommen \u201eBeikr\u00e4uter\u201c in den Rasen?<\/h3>\n<p>Im Landschaftsrasen sind Kr\u00e4uter f\u00fcr die biologische Vielfalt und als Nahrungsgrundlage f\u00fcr die verschiedensten V\u00f6gel und Insekten oft gezielt beigemischt und durchaus erw\u00fcnscht. Auf den meisten anderen Rasenfl\u00e4chen st\u00f6ren sie deren Funktion jedoch mehr oder weniger. Oft wird nur die Optik einer homogenen, ebenm\u00e4\u00dfigen Zierrasenfl\u00e4che beeintr\u00e4chtigt, in anderen F\u00e4llen kann aber die Sicherheit von Mensch und Technik gef\u00e4hrdet sein. Zum Beispiel auf einem Sportrasen oder einer Flugfeldbegr\u00fcnung.<\/p>\n<p>Die Ursachen f\u00fcr das Eindringen von meist zweikeimbl\u00e4ttrigen Unkr\u00e4utern in eine Rasennarbe k\u00f6nnen sehr unterschiedlich sein. Sie reichen von einer falschen Bodenvorbereitung, \u00fcber die f\u00fcr den beabsichtigten Zweck nicht geeignete Gr\u00e4sermischung, Vers\u00e4umnisse bei der so wichtigen Pflege in der Keim- und Auflaufphase, eine vernachl\u00e4ssigte N\u00e4hrstoffversorgung, einer falschen und oft zu starken Nutzung und Belastung, bis hin zu einer zu gut meinenden Rasenpflege. Das Ergebnis ist immer das gleiche, es stellen sich verschiedene Kr\u00e4uter ein. Bei genauer Beobachtung erkennt man aber, dass es gar nicht so viele sind. Auf den meisten Rasenfl\u00e4chen sind fast stets die gleichen \u201eBegleiter\u201c zu finden. Nur sie kommen mit den sehr \u201espeziellen\u201c Lebensbedingungen auf einem Rasen zurecht.<\/p>\n<h3><\/h3>\n<h3>Welche Arten kommen im Rasen vor?<\/h3>\n<p>Wir k\u00f6nnen die verschiedenen Kr\u00e4uter in drei Gruppen unterteilen: die Rosetten-, die Polsterbildenden und die Ausl\u00e4ufertreibenden.<\/p>\n<h3><\/h3>\n<h3>Rosettenbildende Rasenunkr\u00e4uter<\/h3>\n<p>Rosettenbildende Unkr\u00e4uter bilden, wie die Gr\u00e4ser auch, aus einem sehr tief liegenden Vegetationspunkt Wurzeln, Bl\u00fctentriebe und Bl\u00e4tter. Diese Bl\u00e4tter liegen mehr oder weniger flach am Boden, beanspruchen immer mehr Platz und verdr\u00e4ngen so den Rasen. Meist handelt es sich um ausdauernde Arten, oft mit einer ausgepr\u00e4gten Pfahlwurzel. Stirbt so eine Rosettenpflanze ab oder wird heraus gestochen, hinterl\u00e4sst sie eine deutliche L\u00fccke in der Narbe.<\/p>\n<p>Wichtige und h\u00e4ufige Vertreter sind u.a. G\u00e4nsebl\u00fcmchen (Bellis perennis), L\u00f6wenzahn (Taraxacum officinale), Breit- und Mittelwegerich (Plantago major und P. media) und Hirtent\u00e4schelkraut (Capsella bursa-pastoris).<\/p>\n<p><strong>G\u00e4nsebl\u00fcmchen (Bellis perennis); ausdauernd; Bl\u00fcte (weiss-gelb) M\u00e4rz \u2013 November<\/strong><\/p>\n<p>Das nur wenige Zentimeter hohe G\u00e4nsebl\u00fcmchen, aus der Familie der Korbbl\u00fctler, bevorzugt n\u00e4hrstoffreiche Lehmb\u00f6den. Seine niederliegenden Bl\u00e4tter werden vom Rasenm\u00e4her nicht erfasst. Nach dem Schnitt treibt es fast das ganze Jahr hindurch seine einbl\u00fctigen Bl\u00fctenst\u00e4ngel mit den charakteristischen gelb-wei\u00dfen Bl\u00fcten. Eine starke Regenwurmt\u00e4tigkeit f\u00f6rdert die Ausbreitung des G\u00e4nsebl\u00fcmchens.<\/p>\n<p><strong>L\u00f6wenzahn (Taraxacum officinale); ausdauernd; Bl\u00fcte (gelb) April \u2013 Juli<\/strong><\/p>\n<p>Der L\u00f6wenzahn, auch aus der Familie der Korbbl\u00fctler, hat nur gelbe Lippenbl\u00fcten, und bevorzugt gleichfalls n\u00e4hrstoffreiche B\u00f6den. Aus seiner bis zu 40 cm hohen Bl\u00fcte, auf einem hohlen, Milchsaft f\u00fchrenden St\u00e4ngel, entwickeln sich auch ohne Befruchtung in wenigen Wochen die Samen mit den \u201eAnh\u00e4ngen\u201c die sie zur \u201ePusteblume\u201c machen.<\/p>\n<p><strong>Breitwegerich (Plantago major); ausdauernd; Bl\u00fcte (gr\u00fcn) Juni \u2013 Oktober<\/strong><\/p>\n<p>Der Breitwegerich geh\u00f6rt zu den weltweit am breitesten verbreiteten Pflanzen. Er gedeiht besonders auch auf stark betretenen Fl\u00e4chen und Wegen (Name!). Die gro\u00dfen eif\u00f6rmigen Bl\u00e4tter werden von bis zu 50 cm hohen farblich unscheinbaren Bl\u00fcten\u00e4hren \u00fcberragt.<\/p>\n<p><strong>Mittlerer Wegerich (Plantago media); ausdauernd; Bl\u00fcte (gr\u00fcn) Mai \u2013 September<\/strong><\/p>\n<p>Beim insgesamt kleineren M. Wegerich liegen die Bl\u00e4tter ganz flach am Boden. Er bevorzugt trockene B\u00f6den.<\/p>\n<p><strong>Hirtent\u00e4schelkraut (Capsella bursa-pastoris); zweij\u00e4hrig; Bl\u00fcte (weiss) Febr. \u2013 Sept.<\/strong><\/p>\n<p>Ein Unkraut besonders auf neu angelegten Rasenfl\u00e4chen. In etablierten Rasen hat das Hirtent\u00e4schelkraut weniger Chancen. Als ein- bis zweij\u00e4hriges Unkraut ist es schnell wieder aus den Best\u00e4nden verschwunden. Kann in neuen Rasenfl\u00e4chen aber zu einem Problem werden, das eine Bek\u00e4mpfung n\u00f6tig macht.<\/p>\n<p>Die Bek\u00e4mpfung dieser immer als Einzelpflanzen, wenn auch oft in gro\u00dfer Zahl vorkommenden Kr\u00e4uter, kann durch manuelles herausdrehen bei feuchtem Boden erfolgen oder durch tiefes ausstechen. Wichtig ist die vollst\u00e4ndige Entfernung der Wurzel, aus der sich L\u00f6wenzahn, G\u00e4nsebl\u00fcmchen oder auch das Hirtent\u00e4schelkraut wieder regenerieren. Wird die Fl\u00e4che oder die Anzahl der Kr\u00e4uter zu gro\u00df, kann im Hausgarten mit verschiedenen selektiven Herbiziden (sie bek\u00e4mpfen nur die zweikeimbl\u00e4ttrigen Kr\u00e4uter und sind wirkungslos gegen die einkeimbl\u00e4ttrigen Gr\u00e4ser) gegen die Unkr\u00e4uter vorgegangen werden. Dazu werden im Handel verschiedene Produkte angeboten.<\/p>\n<p>Im professionellen Einsatz auf Fl\u00e4chen die f\u00fcr die Allgemeinheit bestimmt sind, d\u00fcrfen nur solche Pr\u00e4parate mit einer BVL-Genehmigung nach \u00a7 17 PflSchG f\u00fcr diese Fl\u00e4chen eingesetzt werden.<\/p>\n<h3><\/h3>\n<h3>Polsterbildende Rasenunkr\u00e4uter<\/h3>\n<p>In der Gruppe der polsterbildenden Kr\u00e4uter befinden sich, neben den Moosen, zwei weit verbreitete krautige Pflanzen; das Gemeine Hornkraut (Cerastium holosteoides) und das Liegende Mastkraut (Sagina procumbens).<\/p>\n<p>Gem. Hornkraut (Cerastium holosteoides); ausdauernd; Bl\u00fcte (wei\u00df) M\u00e4rz\u2013August<\/p>\n<p>Das Gemeine Hornkraut ist eine d\u00fcnngliedrige Pflanze, die gedr\u00e4ngt wachsende Polster aus behaarten und bebl\u00e4tterten Sprossen bildet. Sie w\u00e4chst sehr niedrig auf allen B\u00f6den und bildet kleine, wei\u00dfe Bl\u00fcten.<\/p>\n<p>Niederliegd. Mastkraut (Sagina procumbens); ausdauernd; Bl\u00fcte (gr\u00fcn) fast ganzj\u00e4hrig<\/p>\n<p>Das Niederliegende Mastkraut ist sehr verbreitet auf n\u00e4hrstoffreichen, feuchteren und sehr kurz gem\u00e4hten Rasenfl\u00e4chen. Die dichten Polster aus sehr schmalen, spitzen \u201eBl\u00e4ttern\u201c werden oft mit Moos verwechselt. Dazu tr\u00e4gt auch die unscheinbare Bl\u00fcte bei. Beide Arten breiten sich sowohl, durch Samen, als auch durch ganz flache, sich bewurzelnde, Triebe aus.<\/p>\n<p>Die mechanische, wie die chemische Bek\u00e4mpfung dieser Polster ist schwierig. Am erfolgversprechendsten ist das weitr\u00e4umige ausstechen und entfernen befallener Rasenst\u00fccke. In die entstehenden L\u00fccken sind neue, saubere \u201eRasenziegel\u201c. einzusetzen.<\/p>\n<h3><\/h3>\n<h3>Ausl\u00e4uferbildende Rasenunkr\u00e4uter<\/h3>\n<p>Zu den schlimmsten Rasenunkr\u00e4utern geh\u00f6ren einige der wichtigsten Vertreter der dritten und letzten Gruppe. Sie alle zeichnen sich durch eine Anpassung an die besonderen Bedingungen des Rasens mit seinem regelm\u00e4\u00dfigen tiefen Schnitt aus. Sie bilden n\u00e4mlich alle Ausl\u00e4ufer die auf dem Boden, zwischen der Grasnarbe, verlaufen. Hier und da bewurzeln sie sich und machen so eine mechanische Bek\u00e4mpfung fast unm\u00f6glich. Dazu z\u00e4hlen so bekannte Arten wie Wei\u00dfklee (Trifolium repens), Kriechender Hahnenfu\u00df (Ranunculus repens) oder der Faden-Ehrenpreis (Veronica filiformis).<\/p>\n<p><strong>Wei\u00dfklee (Trifolium repens); ausdauernd; Bl\u00fcte (wei\u00df) Mai \u2013 September<\/strong><\/p>\n<p>Der trittunempfindliche und auch Bodenverdichtung gut ertragende Wei\u00dfklee, ist insbesondere bei N\u00e4hrstoffmangel sehr h\u00e4ufig in Rasenfl\u00e4chen zu finden. Mit seinen niederliegenden, sich an den Knoten bewurzelnden St\u00e4ngeln, breitet er sich rasch aus. Das Blatt besteht aus drei Teilbl\u00e4ttern und die Bl\u00fcten sind wei\u00dflich-rosa. Als Leguminose lebt der Wei\u00dfklee in Symbiose mit bestimmten Kn\u00f6llchenbakterien. Sie versorgen ihn mit Stickstoff, den sie aus der Luft gewinnen, und erhalten daf\u00fcr Photosyntheseprodukte des Wei\u00dfklees. Dadurch hat er bei Stickstoffmangel einen Vorteil gegen\u00fcber den Gr\u00e4sern.<\/p>\n<p><strong>Kriechender Hahnenfu\u00df (Ranunculus repens); ausdauernd; Bl\u00fcte (gelb) Mai \u2013 August<\/strong><\/p>\n<p>Auf feuchten, n\u00e4hrstoffreichen Lehmb\u00f6den kann der Kriechende Hahnenfu\u00df zu einem fast nicht bek\u00e4mpfbaren Rasenunkraut werden. Er verbreitet sich durch lange Ausl\u00e4ufer die sich an den Knoten bewurzeln. Auch kleine, herausgerissene St\u00fccke wachsen rasch an. Der Kriechende Hahnenfu\u00df hat gelbe, speckig gl\u00e4nzende Bl\u00fcten.<\/p>\n<p><strong>Faden-Ehrenpreis (Veronica filiformis); ausdauernd; Bl\u00fcte (blau) M\u00e4rz \u2013 Mai<\/strong><\/p>\n<p>Mit zahllosen, feinen Trieben breitet sich der Faden-Ehrenpreis rasch aus. Die hellblauen Bl\u00fcten bilden selten reife Samen. Die Verbreitung erfolgt in erster Linie vegetativ durch kleine, sich bewurzelnde Ausl\u00e4uferteilchen. Aber auch Ameisen spielen bei der Ausbreitung eine wichtige Rolle. Denn die Samen stecken in einer s\u00fc\u00dfen H\u00fclle, die die Ameisen gerne fressen. Sie sammeln daher die Samen und tragen sie in ihre Nester.<\/p>\n<p>Neben dem Faden-Ehrenpreis gibt es noch eine ganze Reihe weiterer, sehr \u00e4hnlicher Ehrenpreisarten, die in Rasenfl\u00e4chen ebenso st\u00f6rend sind.<\/p>\n<p>Kriechender G\u00fcnsel (Ajuga reptans); ausdauernd; Bl\u00fcte (himmelblau) Mai &#8211; August<br \/>\nDer h\u00e4ufige Fr\u00fchbl\u00fcher verbreitet sich \u00fcber lange, kr\u00e4ftige Ausl\u00e4ufer. Seine Samen werden durch Ameisen in den Rasen eingetragen. An den Boden stellt der 15-30 cm hohe Lippenbl\u00fctler nur geringe Anspr\u00fcche. Daf\u00fcr hat er ein hohes Lichtbed\u00fcrfnis und ben\u00f6tigt volle Sonneneinstrahlung.<\/p>\n<p>Nicht zuletzt die beschriebene Vermehrung des Faden-Ehrenpreises macht deutlich, das eine mechanische Bek\u00e4mpfung ausl\u00e4ufertreibender Kr\u00e4uter nahezu unm\u00f6glich ist. Im Gegenteil tr\u00e4gt man damit i.d.R. sogar noch zur Ausbreitung bei. Aber auch chemisch sind gerade die beiden zuletzt vorgestellten Arten nur schwer zu erfassen. Umso wichtiger ist es daher, Schnittgut, was eventuell Ausl\u00e4uferst\u00fccke oder Samen enth\u00e4lt, ab zu saugen und M\u00e4h- und Pflegeger\u00e4te gewissenhaft zu s\u00e4ubern.<\/p>\n<p>Mechanische Pflegearbeiten wie das Striegeln (Aufrei\u00dfen der Rasennarbe mit vertikalen St\u00e4ben zur Filzreduzierung und Durchl\u00fcftung der Narbe) tragen daher oft zur fl\u00e4chendeckenden Ausbreitung bei.<\/p>\n<h3><\/h3>\n<h3>Bek\u00e4mpfung von Unkr\u00e4utern<\/h3>\n<p>Auf kleinen Fl\u00e4chen k\u00f6nnen die vorkommenden Unkr\u00e4uter, besonders in etablierten Rasenfl\u00e4chen mechanisch oder mit der Hand entfernt und so nachhaltig bek\u00e4mpft werden. Werden die Fl\u00e4chen jedoch zu gro\u00df oder nimmt die Dichte der auftretenden Unkr\u00e4uter immer mehr zu, scheidet eine h\u00e4ndische Bek\u00e4mpfung meist schnell aus. Das es zudem auch sehr gute Gr\u00fcnde gegen eine m\u00f6gliche mechanische Bek\u00e4mpfung einiger der wichtigsten Rasenunkr\u00e4uter gibt, ist bereits deutlich geworden.<\/p>\n<p>Was bleibt ist der Einsatz von Pflanzenschutzmitteln. Er unterliegt in Deutschland, zum Schutz von Boden, Wasser, Beist\u00e4ndern und Anwendern, strengen Regeln. An erster Stelle ist dabei das Pflanzenschutzgesetz (PflSchG) zu nennen. Die Durchf\u00fchrung der verschiedenen betroffenen Bundesgesetze und Verordnungen obliegt in erster Linie dem Bundesamt f\u00fcr Verbraucherschutz und Lebensmittelsicherheit (BVL) in Braunschweig. Vor einer Anwendung sind daher bei \u00f6ffentlichen Gr\u00fcnanlagen oder gewerblichem Einsatz unbedingt die offiziellen und stets aktuellen Aufstellungen der Anwendungsgenehmigungen nach \u00a7 17 PflSchG f\u00fcr \u201eFl\u00e4chen die f\u00fcr die Allgemeinheit bestimmt sind\u201c auf der Homepage des BVL zu lesen.<\/p>\n<p>Pflanzenschutzmittel d\u00fcrfen zu gewerblichen Zwecken nur von \u201esachkundigen\u201c Anwendern (\u00a7 9 PflSchG) ausgebracht werden und die Gebote der \u201eguten fachlichen Praxis\u201c und des \u201eintegrierten Pflanzenschutzes\u201c \u00a7 3 PflSchG sind stets zu beachten.<\/p>\n<p>Gegen Unkr\u00e4uter gibt es einige nach \u00a7 15 PflSchG-alt zur Bek\u00e4mpfung von Unkr\u00e4utern zugelassene Pflanzenschutzmittel (Herbizide). Aber diese haben nicht alle auch eine Genehmigung f\u00fcr \u201eFl\u00e4chen die f\u00fcr die Allgemeinheit bestimmt sind\u201c nach \u00a7 17 PflSchG.<\/p>\n<p>Nach massiven Sch\u00e4den durch Unkr\u00e4uter und deren erfolgreicher Bek\u00e4mpfung durch Pflanzenschutzmittel ist mindestens eine Nachsaat oder der Austausch von Rasenziegeln, wenn nicht gar eine Neuansaat mit den entsprechenden Rasenmischungen notwendig.<\/p>\n<p>Martin Bocksch<\/p>\n<\/div>\n<\/div>\n<p>[\/vc_column_text][\/vc_column][\/vc_row]<\/p>\n<\/div>","protected":false},"excerpt":{"rendered":"<p>[vc_row][vc_column][vc_column_text css=&#8220;&#8220;] Verschiedene Krankheiten greifen die Gr\u00e4ser unseres sch\u00f6nen Rasens an. Die wichtigsten&hellip;<\/p>\n","protected":false},"author":1,"featured_media":0,"parent":0,"menu_order":0,"comment_status":"closed","ping_status":"closed","template":"","meta":{"footnotes":""},"class_list":["post-2570","page","type-page","status-publish","hentry","no-thumb"],"_links":{"self":[{"href":"https:\/\/rollrasen-verband.de\/index.php\/wp-json\/wp\/v2\/pages\/2570","targetHints":{"allow":["GET"]}}],"collection":[{"href":"https:\/\/rollrasen-verband.de\/index.php\/wp-json\/wp\/v2\/pages"}],"about":[{"href":"https:\/\/rollrasen-verband.de\/index.php\/wp-json\/wp\/v2\/types\/page"}],"author":[{"embeddable":true,"href":"https:\/\/rollrasen-verband.de\/index.php\/wp-json\/wp\/v2\/users\/1"}],"replies":[{"embeddable":true,"href":"https:\/\/rollrasen-verband.de\/index.php\/wp-json\/wp\/v2\/comments?post=2570"}],"version-history":[{"count":3,"href":"https:\/\/rollrasen-verband.de\/index.php\/wp-json\/wp\/v2\/pages\/2570\/revisions"}],"predecessor-version":[{"id":3491,"href":"https:\/\/rollrasen-verband.de\/index.php\/wp-json\/wp\/v2\/pages\/2570\/revisions\/3491"}],"wp:attachment":[{"href":"https:\/\/rollrasen-verband.de\/index.php\/wp-json\/wp\/v2\/media?parent=2570"}],"curies":[{"name":"wp","href":"https:\/\/api.w.org\/{rel}","templated":true}]}}