{"id":2568,"date":"2014-04-09T20:29:38","date_gmt":"2014-04-09T18:29:38","guid":{"rendered":"http:\/\/www.wp12063986.server-he.de\/?page_id=2568"},"modified":"2026-03-11T15:28:19","modified_gmt":"2026-03-11T15:28:19","slug":"saatgut","status":"publish","type":"page","link":"https:\/\/rollrasen-verband.de\/index.php\/saatgut\/","title":{"rendered":"Saatgut"},"content":{"rendered":"<p>Bei den Mitgliedsbetrieben des Deutschen Rollrasen Verbandes wird zur Produktion des Rollrasens \/ Fertigrasens nur hochwertigstes Saatgut verwendet. In einer Rasenmischung sind verschiedene Grasarten und Grassorten vertreten. Diese sind optimal auf den sp\u00e4teren Anwendungszweck abgestimmt.<\/p>\n<p>Das Saatgut f\u00fcr einen qualtativ hochwertigen Fertigrasen setzt sich aus mehreren Grasarten und Sorten zusammen.<\/p>\n<p>Entsprechend dem zuk\u00fcnftigen Verwendungszweck (Spiel- und Freizeitgr\u00fcn, Sportrasen,Trockenrasen, Schattenrasen, Hockeyrasen, Gebrauchsrasen) werden Arten und Sorten so gew\u00e4hlt, dass sie sich in ihren Eigenschaften erg\u00e4nzen, hohe Krankheitsresistenz erreicht wird, sie einen m\u00f6glichst einheitlichen farblichen Aspekt besitzen und ein einheitliches Aussehen hinsichtlich ihrer Blattbreite haben.<\/p>\n<p>Hierzu wird zertifiziertes Saatgut verwendet. Dieses ist auf Reinheit, Feuchtegehalt und Keimf\u00e4higkeit gepr\u00fcft. Im normalen Handel ist das von Rasenschulen verwendete Saatgut in dieser hohen Qalit\u00e4t nicht erh\u00e4ltlich.<\/p>\n<p>Mit Spezialtechnik wird es in den Rasenschulen mit h\u00f6chster Pr\u00e4zision zur Rollrasenproduktion verwendet.<\/p>\n","protected":false},"excerpt":{"rendered":"<p>Bei den Mitgliedsbetrieben des Deutschen Rollrasen Verbandes wird zur Produktion des Rollrasens \/&hellip;<\/p>\n","protected":false},"author":1,"featured_media":0,"parent":0,"menu_order":0,"comment_status":"closed","ping_status":"closed","template":"","meta":{"footnotes":""},"class_list":["post-2568","page","type-page","status-publish","hentry","no-thumb"],"_links":{"self":[{"href":"https:\/\/rollrasen-verband.de\/index.php\/wp-json\/wp\/v2\/pages\/2568","targetHints":{"allow":["GET"]}}],"collection":[{"href":"https:\/\/rollrasen-verband.de\/index.php\/wp-json\/wp\/v2\/pages"}],"about":[{"href":"https:\/\/rollrasen-verband.de\/index.php\/wp-json\/wp\/v2\/types\/page"}],"author":[{"embeddable":true,"href":"https:\/\/rollrasen-verband.de\/index.php\/wp-json\/wp\/v2\/users\/1"}],"replies":[{"embeddable":true,"href":"https:\/\/rollrasen-verband.de\/index.php\/wp-json\/wp\/v2\/comments?post=2568"}],"version-history":[{"count":2,"href":"https:\/\/rollrasen-verband.de\/index.php\/wp-json\/wp\/v2\/pages\/2568\/revisions"}],"predecessor-version":[{"id":3433,"href":"https:\/\/rollrasen-verband.de\/index.php\/wp-json\/wp\/v2\/pages\/2568\/revisions\/3433"}],"wp:attachment":[{"href":"https:\/\/rollrasen-verband.de\/index.php\/wp-json\/wp\/v2\/media?parent=2568"}],"curies":[{"name":"wp","href":"https:\/\/api.w.org\/{rel}","templated":true}]}}