{"id":2564,"date":"2014-04-09T20:28:42","date_gmt":"2014-04-09T18:28:42","guid":{"rendered":"http:\/\/www.wp12063986.server-he.de\/?page_id=2564"},"modified":"2026-03-11T15:17:59","modified_gmt":"2026-03-11T15:17:59","slug":"verlegen-von-rollrasen","status":"publish","type":"page","link":"https:\/\/rollrasen-verband.de\/index.php\/verlegen-von-rollrasen\/","title":{"rendered":"Verlegen von Rollrasen"},"content":{"rendered":"<h2>Vorbereiten Verlegen<\/h2>\n<div>\n<div>\n<h3><\/h3>\n<h3><strong>Boden vorbereiten<\/strong><\/h3>\n<p>Entfernen Sie (wenn vorhanden) alte Grasnarben durch Umgraben oder mit einem Sodenentferner, den Sie bei vielen Rasenschulen (Rollrasenproduzenten) gegen geringe Geb\u00fchr ausleihen k\u00f6nnen. Bei trockenem Wetter m\u00fcssen Sie den Boden m\u00f6glichst tiefgr\u00fcndig lockern, damit genug Feuchtigkeit aufgenommen werden kann.<\/p>\n<p>Befreien Sie den Boden von Steinen und ebnen Sie die Erde mit Harke oder Fr\u00e4se ein. Kurz vor dem Verlegen verfestigen Sie den Boden mit einer halb gef\u00fcllten Handwalze und harken ihn anschlie\u00dfend leicht auf. Bringen Sie Rollrasen Starterd\u00fcnger ein (Menge lt. Angabe der liefernden Rasenschule).<\/p>\n<p>&nbsp;<\/p>\n<h3><strong>Fertigrasen verlegen<\/strong><\/h3>\n<p>Ihr Fertigrasen besteht aus lebendigen Pflanzen und mu\u00df sofort innerhalb weniger Stunden nach der Lieferung verlegt und stark gew\u00e4ssert werden. Lassen Sie Paletten mit Rollrasen nicht im Wind und in der prallen Sonne stehen. Vermeiden Sie um jeden Preis das Austrocknen des Rollrasen (mu\u00df sich immer feucht anf\u00fchlen). Rollen Sie eine Rasenrolle nach der anderen aus und legen Sie so dicht wie m\u00f6glich im Verbundsystem nebeneinander. Achten Sie bitte darauf, keine Unebenheiten und Trittl\u00f6cher durch das Begehen des Planums und des bereits verlegten Rasens zu verursachen. Hilfsweise k\u00f6nnen Bretter dazu verwendet werden. Es d\u00fcrfen beim Verlegen keine Fugen entstehen. Die Au\u00dfenkanten der Fl\u00e4che h\u00e4ufeln Sie gegen das Austrocknen der Kanten seitlich leicht an, wenn keine Rasenkantensteine vorhanden sind. Zum Schluss walzen Sie die Grassoden schr\u00e4g zur Verlegerichtung an.<\/p>\n<p>&nbsp;<\/p>\n<h3>Fertigrasen w\u00e4ssern<\/h3>\n<p>Sind Teilfl\u00e4chen verlegt, m\u00fcssen diese bereits sofort intensiv gew\u00e4ssert werden, bis auch der Unterboden gut durchfeuchtet ist (ca. 20 Liter pro Quadratmeter). Nach Beendigung der Verlegearbeiten sorgen Sie dann f\u00fcr gleichm\u00e4\u00dfige Beregnung der ganzen Fl\u00e4che. Der Rasen braucht mindestens 2 &#8211; 3 Wochen lang mehrmals t\u00e4glich Wasser, er darf niemals austrocknen &#8211; ohne dass der Rasen \u00fcberschwemmt wird, auch Rasen braucht Luft zum atmen! Nach 2-3 Wochen kann die Beregnung langsam auf ein normales Ma\u00df reduziert werden, d.h. lieber 2 X die Woche kr\u00e4ftig beregnen, statt jeden Tag ein bischen. \u2013 Dies f\u00f6rdert die Tiefenverwurzelung und spart viel Wasser. Rasen erneut anwalzen Nach 2 Tagen sollten Sie in einer Beregnungspause den Rasen noch einmal mit einer Handwalze anwalzen, damit \u00fcberall ein guter Bodenkontakt des Rollrasens gew\u00e4hrleistet ist, denn der Rollrasen kann sich durch sehr starke Bew\u00e4sserung an manchen Stellen angehoben haben.<\/p>\n<p>&nbsp;<\/p>\n<h3>Rasen d\u00fcngen<\/h3>\n<p>D\u00fcngen Sie von M\u00e4rz bis Oktober alle 6 Wochen mit einem Rasen Langzeitd\u00fcnger (Menge laut Herstellerangabe) Verwenden Sie keinen D\u00fcnger mit Unkrautvernichter. Bitte verteilen Sie den D\u00fcnger gleichm\u00e4\u00dfig auf Ihrem Rasen, sonst kann es Verbrennungen geben. Den richtigen D\u00fcnger und Beratung f\u00fcr Ihren Rollrasen erhalten Sie am besten bei Ihrer Rasenschule. Rasen m\u00e4hen M\u00e4hen Sie Ihren Rasen das erste mal vorsichtig 6-10 Tage nach dem Verlegen, bzw bei einer Wuchsh\u00f6he von 6 cm auf die Schnitth\u00f6he von 4 cm. Ihr Rasenm\u00e4her mu\u00df scharf geschliffene Messer haben. M\u00e4hen Sie bitte als Faustregel maximal nur 1\/3 Halmh\u00f6he auf einmal ab, und nicht tiefer als 3,5 cm. Regelm\u00e4\u00dfiges M\u00e4hen (mindestens einmal pro Woche) sorgt neben der regelm\u00e4\u00dfigen D\u00fcngung f\u00fcr einen dichten und gesunden Rasen. Ist Ihr Rasen Ihnen einmal &#8222;weggewachsen&#8220;, so m\u00e4hen Sie Ihn zuerst auf der h\u00f6chsten Stufe und anschlie\u00dfend, in mehreren Arbeitsg\u00e4ngen verteilt, \u00fcber 1 Woche wieder auf 3,5 \u2013 4,0 cm. So vermeiden Sie Regenerationsprobleme und Ihr Rasen bleibt dicht und strapazierf\u00e4hig.<\/p>\n<p>Rasen benutzen Je nach Jahreszeit und der damit verbundenen Temperaturen w\u00e4chst Ihr Rasen unterschiedlich schnell an. Im Winter dauert die Anwuchsphase temperaturbedingt l\u00e4nger. In der Regel ist er im Fr\u00fchling und Sommer bereits 3 Wochen nach dem Verlegen fest verwurzelt. Nun k\u00f6nnen Sie Ihren Rasen benutzen. Eine starke Beanspruchung (z.B. Fu\u00dfballspielen) ist je nach Jahreszeit bereits nach ca. 6 Wochen m\u00f6glich.<\/p>\n<p>&nbsp;<\/p>\n<h3>Rasen vertikutiere<\/h3>\n<p>Es ist in der Regel im Privatgarten nicht ratsam, Rasen zu vertikutieren. Oft ist jedoch von interessierter Seite zum Vertrieb von Motorger\u00e4ten Anderes behauptet worden. Erst nach vielen Jahren, und wenn tats\u00e4chlich eine Verfilzung aufgetreten sein sollte, darf vertikutiert werden. Wird unn\u00f6tigerweise oft vertikutiert, kommt es zu einer Sch\u00e4digung der Rasennarbe und Unkraut kann sich im Rasen festsetzen. Viele Probleme in Rasenfl\u00e4chen liegen an einer Unterversorgung mit notwendigen N\u00e4hrstoffen, und k\u00f6nnen mit einer D\u00fcngergabe aber nicht mit dem Vertikutierer behoben werden.<\/p>\n<\/div>\n<\/div>\n","protected":false},"excerpt":{"rendered":"<p>Vorbereiten Verlegen Boden vorbereiten Entfernen Sie (wenn vorhanden) alte Grasnarben durch Umgraben oder&hellip;<\/p>\n","protected":false},"author":1,"featured_media":0,"parent":0,"menu_order":0,"comment_status":"closed","ping_status":"closed","template":"","meta":{"footnotes":""},"class_list":["post-2564","page","type-page","status-publish","hentry","no-thumb"],"_links":{"self":[{"href":"https:\/\/rollrasen-verband.de\/index.php\/wp-json\/wp\/v2\/pages\/2564","targetHints":{"allow":["GET"]}}],"collection":[{"href":"https:\/\/rollrasen-verband.de\/index.php\/wp-json\/wp\/v2\/pages"}],"about":[{"href":"https:\/\/rollrasen-verband.de\/index.php\/wp-json\/wp\/v2\/types\/page"}],"author":[{"embeddable":true,"href":"https:\/\/rollrasen-verband.de\/index.php\/wp-json\/wp\/v2\/users\/1"}],"replies":[{"embeddable":true,"href":"https:\/\/rollrasen-verband.de\/index.php\/wp-json\/wp\/v2\/comments?post=2564"}],"version-history":[{"count":2,"href":"https:\/\/rollrasen-verband.de\/index.php\/wp-json\/wp\/v2\/pages\/2564\/revisions"}],"predecessor-version":[{"id":3422,"href":"https:\/\/rollrasen-verband.de\/index.php\/wp-json\/wp\/v2\/pages\/2564\/revisions\/3422"}],"wp:attachment":[{"href":"https:\/\/rollrasen-verband.de\/index.php\/wp-json\/wp\/v2\/media?parent=2564"}],"curies":[{"name":"wp","href":"https:\/\/api.w.org\/{rel}","templated":true}]}}