{"id":2562,"date":"2014-04-09T20:27:43","date_gmt":"2014-04-09T18:27:43","guid":{"rendered":"http:\/\/www.wp12063986.server-he.de\/?page_id=2562"},"modified":"2026-03-11T15:20:13","modified_gmt":"2026-03-11T15:20:13","slug":"ist-rollrasen","status":"publish","type":"page","link":"https:\/\/rollrasen-verband.de\/index.php\/ist-rollrasen\/","title":{"rendered":"Was ist Rollrasen"},"content":{"rendered":"<h2>Was ist Rollrasen<\/h2>\n<div>\n<div>\n<p>Rollrasen (auch bekannt als Fertigrasen) ist ein hochwertiges Naturprodukt. Als Rollrasen kommt der frische Rasen bereits gesund und kr\u00e4ftig zur Baustelle.<\/p>\n<p>Der Rasen wird von den Mitgliedsbetrieben des Deutschen Rollrasen Verbandes auf gro\u00dfen Rasenfl\u00e4chen \u00fcber viele Monate gezogen und gepflegt, bevor er zu handlichen Rollen flach gesch\u00e4lt wird. Frisch zur Baustelle transportiert, bietet Rollrasen sofort eine dichte, gr\u00fcne und perfekte Rasenfl\u00e4che! Nach wenigen Wochen sind die Fl\u00e4che fest angewachsen und belastbar.<\/p>\n<p>Sie erhalten innerhalb k\u00fcrzester Zeit einen perfekten Rasen. Ideal f\u00fcr private und professionelle G\u00e4rten, Parks, Sportpl\u00e4tze, Golfpl\u00e4tze etc.<\/p>\n<p>Die \u00fcblichen Probleme der Einsaat entfallen. Fertigrasen ist kein Luxus, in den USA werden aus gutem Grund bereits \u00fcber 50% aller Rasenfl\u00e4chen-Neuanlagen mit Fertigrasen angelegt!<\/p>\n<p>Das Verlegen ist f\u00fcr die Privatperson ganz einfach selbst, oder bei gro\u00dfen Projekten durch den Sport- oder Garten- und Landschaftsbau durchzuf\u00fchren.<\/p>\n<p>Die schlammige Baustelle von gestern ist im Handumdrehen eine saftig gr\u00fcne Rasenfl\u00e4che vom Privatgarten bis zur Golfanlage!<\/p>\n<p>Genauso einfach ist alter Rasen ausgetauscht. der Garten und Landschaftsbau verlegt in zunehmendem Ma\u00dfe Rollrasen statt der oft problembehafteten Raseneinsaat.<\/p>\n<p>Rollrasen sollte immer direkt beim Produzenten bestellt werden, da Rollrasen ein Frischprodukt mit begrenzter Haltbarkeit ist! Die Produktionsbetriebe des Deutschen Rollrasen Verbandes liefern den Rasen garantiert frisch zu Ihnen, auch sehr kurzfristig f\u00fcr Ihren spontanen Bedarf.<\/p>\n<\/div>\n<\/div>\n","protected":false},"excerpt":{"rendered":"<p>Was ist Rollrasen Rollrasen (auch bekannt als Fertigrasen) ist ein hochwertiges Naturprodukt. Als&hellip;<\/p>\n","protected":false},"author":1,"featured_media":0,"parent":0,"menu_order":0,"comment_status":"closed","ping_status":"closed","template":"","meta":{"footnotes":""},"class_list":["post-2562","page","type-page","status-publish","hentry","no-thumb"],"_links":{"self":[{"href":"https:\/\/rollrasen-verband.de\/index.php\/wp-json\/wp\/v2\/pages\/2562","targetHints":{"allow":["GET"]}}],"collection":[{"href":"https:\/\/rollrasen-verband.de\/index.php\/wp-json\/wp\/v2\/pages"}],"about":[{"href":"https:\/\/rollrasen-verband.de\/index.php\/wp-json\/wp\/v2\/types\/page"}],"author":[{"embeddable":true,"href":"https:\/\/rollrasen-verband.de\/index.php\/wp-json\/wp\/v2\/users\/1"}],"replies":[{"embeddable":true,"href":"https:\/\/rollrasen-verband.de\/index.php\/wp-json\/wp\/v2\/comments?post=2562"}],"version-history":[{"count":2,"href":"https:\/\/rollrasen-verband.de\/index.php\/wp-json\/wp\/v2\/pages\/2562\/revisions"}],"predecessor-version":[{"id":3420,"href":"https:\/\/rollrasen-verband.de\/index.php\/wp-json\/wp\/v2\/pages\/2562\/revisions\/3420"}],"wp:attachment":[{"href":"https:\/\/rollrasen-verband.de\/index.php\/wp-json\/wp\/v2\/media?parent=2562"}],"curies":[{"name":"wp","href":"https:\/\/api.w.org\/{rel}","templated":true}]}}