{"id":2517,"date":"2014-03-25T22:04:19","date_gmt":"2014-03-25T20:04:19","guid":{"rendered":"http:\/\/www.wp12063986.server-he.de\/?page_id=2517"},"modified":"2026-03-11T14:42:58","modified_gmt":"2026-03-11T14:42:58","slug":"entstehung","status":"publish","type":"page","link":"https:\/\/rollrasen-verband.de\/index.php\/entstehung\/","title":{"rendered":"Entstehung"},"content":{"rendered":"<h2>So entsteht Rollrasen<\/h2>\n<p>Bevor der Rasen frisch auf Bestellung geerntet wird, w\u00e4chst er in der &#8222;Rasenschule&#8220;.<br \/>\nDort vergehen zwischen dem S\u00e4en und dem Absch\u00e4len viele Monate, in denen er von Spezialisten professionell gezogen wird.<\/p>\n<p>Wir pflegen Ihren Rollrasen unter anderem durch<br \/>\nvielfaches M\u00e4hen, Walzen und D\u00fcngen. Mit besonderen Erntemaschinen auf Bestellung geerntet, kommt er frisch zu Ihnen.<\/p>\n<p>Die schlammige Baustelle von gestern ist im Handumdrehen eine saftig gr\u00fcne Rasenfl\u00e4che vom Privatgarten bis zur Golfanlage!<\/p>\n<p>Der Maschinenpark besteht aus modernsten Spezialmaschinen welche in Verbindung mit dem Know-How der Betriebsleitung beste und gleichm\u00e4\u00dfige Qualit\u00e4t in der Produktion erm\u00f6glichen. Dabei finden die strengen Richtlinien des Deutschen Rollrasen Verbandes Anwendung.<\/p>\n","protected":false},"excerpt":{"rendered":"<p>So entsteht Rollrasen Bevor der Rasen frisch auf Bestellung geerntet wird, w\u00e4chst er&hellip;<\/p>\n","protected":false},"author":1,"featured_media":0,"parent":0,"menu_order":0,"comment_status":"closed","ping_status":"closed","template":"","meta":{"footnotes":""},"class_list":["post-2517","page","type-page","status-publish","hentry","no-thumb"],"_links":{"self":[{"href":"https:\/\/rollrasen-verband.de\/index.php\/wp-json\/wp\/v2\/pages\/2517","targetHints":{"allow":["GET"]}}],"collection":[{"href":"https:\/\/rollrasen-verband.de\/index.php\/wp-json\/wp\/v2\/pages"}],"about":[{"href":"https:\/\/rollrasen-verband.de\/index.php\/wp-json\/wp\/v2\/types\/page"}],"author":[{"embeddable":true,"href":"https:\/\/rollrasen-verband.de\/index.php\/wp-json\/wp\/v2\/users\/1"}],"replies":[{"embeddable":true,"href":"https:\/\/rollrasen-verband.de\/index.php\/wp-json\/wp\/v2\/comments?post=2517"}],"version-history":[{"count":2,"href":"https:\/\/rollrasen-verband.de\/index.php\/wp-json\/wp\/v2\/pages\/2517\/revisions"}],"predecessor-version":[{"id":3411,"href":"https:\/\/rollrasen-verband.de\/index.php\/wp-json\/wp\/v2\/pages\/2517\/revisions\/3411"}],"wp:attachment":[{"href":"https:\/\/rollrasen-verband.de\/index.php\/wp-json\/wp\/v2\/media?parent=2517"}],"curies":[{"name":"wp","href":"https:\/\/api.w.org\/{rel}","templated":true}]}}